{"id":211,"date":"2021-12-13T21:02:52","date_gmt":"2021-12-13T21:02:52","guid":{"rendered":"https:\/\/thpengenharia.com.br\/?page_id=211"},"modified":"2024-06-21T21:14:51","modified_gmt":"2024-06-21T21:14:51","slug":"thp","status":"publish","type":"page","link":"https:\/\/thpengenharia.com.br\/?page_id=211","title":{"rendered":"Quem somos"},"content":{"rendered":"\t\t<div data-elementor-type=\"wp-page\" data-elementor-id=\"211\" class=\"elementor elementor-211\" data-elementor-post-type=\"page\">\n\t\t\t\t\t\t<section class=\"elementor-section elementor-top-section elementor-element elementor-element-9e9ae11 elementor-section-boxed elementor-section-height-default elementor-section-height-default\" data-id=\"9e9ae11\" data-element_type=\"section\" data-e-type=\"section\" data-settings=\"{&quot;background_background&quot;:&quot;classic&quot;}\">\n\t\t\t\t\t\t<div class=\"elementor-container elementor-column-gap-default\">\n\t\t\t\t\t<div class=\"elementor-column elementor-col-100 elementor-top-column elementor-element elementor-element-4005777\" data-id=\"4005777\" data-element_type=\"column\" data-e-type=\"column\">\n\t\t\t<div class=\"elementor-widget-wrap elementor-element-populated\">\n\t\t\t\t\t\t<div class=\"elementor-element elementor-element-8d6127f elementor-widget elementor-widget-spacer\" data-id=\"8d6127f\" data-element_type=\"widget\" data-e-type=\"widget\" data-widget_type=\"spacer.default\">\n\t\t\t\t<div class=\"elementor-widget-container\">\n\t\t\t\t\t\t\t<div class=\"elementor-spacer\">\n\t\t\t<div class=\"elementor-spacer-inner\"><\/div>\n\t\t<\/div>\n\t\t\t\t\t\t<\/div>\n\t\t\t\t<\/div>\n\t\t\t\t<div class=\"elementor-element elementor-element-d432055 elementor-widget elementor-widget-heading\" data-id=\"d432055\" data-element_type=\"widget\" data-e-type=\"widget\" data-widget_type=\"heading.default\">\n\t\t\t\t<div class=\"elementor-widget-container\">\n\t\t\t\t\t<h1 class=\"elementor-heading-title elementor-size-medium\">EVOLUINDO DEGRAU POR DEGRAU<\/h1>\t\t\t\t<\/div>\n\t\t\t\t<\/div>\n\t\t\t\t<div class=\"elementor-element elementor-element-8144af5 elementor-widget elementor-widget-spacer\" data-id=\"8144af5\" data-element_type=\"widget\" data-e-type=\"widget\" data-widget_type=\"spacer.default\">\n\t\t\t\t<div class=\"elementor-widget-container\">\n\t\t\t\t\t\t\t<div class=\"elementor-spacer\">\n\t\t\t<div class=\"elementor-spacer-inner\"><\/div>\n\t\t<\/div>\n\t\t\t\t\t\t<\/div>\n\t\t\t\t<\/div>\n\t\t\t\t<div class=\"elementor-element elementor-element-d9f4970 elementor-widget elementor-widget-text-editor\" data-id=\"d9f4970\" data-element_type=\"widget\" data-e-type=\"widget\" data-widget_type=\"text-editor.default\">\n\t\t\t\t<div class=\"elementor-widget-container\">\n\t\t\t\t\t\t\t\t\t<p style=\"text-align: left;\">A THP Engenharia foi fundada em 2019 com a miss\u00e3o de proporcionar solu\u00e7\u00f5es de engenharia de alto padr\u00e3o para o segmento de reformas e constru\u00e7\u00e3o civil. Nosso foco \u00e9 atender clientes que buscam um processo transparente e eficiente, al\u00e9m de arquitetos e designers que necessitam de um parceiro confi\u00e1vel para a execu\u00e7\u00e3o de seus projetos com qualidade superior.<\/p><h4 style=\"text-align: left;\">Nossos Servi\u00e7os<\/h4><p style=\"text-align: left;\">Atuamos em Campinas e regi\u00e3o, oferecendo uma gama completa de servi\u00e7os de engenharia:<\/p><ul style=\"text-align: left;\"><li><strong>Reformas Residenciais e Comerciais<\/strong>: Transformamos espa\u00e7os, garantindo funcionalidade e est\u00e9tica.<\/li><li><strong>Constru\u00e7\u00e3o de Novos Empreendimentos<\/strong>: Desde o planejamento at\u00e9 a entrega, cuidamos de cada detalhe para assegurar a satisfa\u00e7\u00e3o total dos nossos clientes.<\/li><li><strong>Consultoria e Gerenciamento de Obras<\/strong>: Fornecemos suporte especializado em todas as fases do projeto.<\/li><\/ul><h4 style=\"text-align: left;\">Nossa Equipe<\/h4><p style=\"text-align: left;\">Contamos com uma equipe de profissionais altamente treinados e habilitados para atender cada etapa da sua obra. Nossos engenheiros, arquitetos e t\u00e9cnicos trabalham em conjunto para oferecer solu\u00e7\u00f5es inovadoras e eficientes, sempre mantendo o cliente informado e envolvido no processo.<\/p><h4 style=\"text-align: left;\">Nossa Trajet\u00f3ria<\/h4><p style=\"text-align: left;\">Desde a nossa funda\u00e7\u00e3o, conquistamos a confian\u00e7a de novos clientes e estabelecemos parcerias estrat\u00e9gicas que nos ajudaram a consolidar nossa marca no competitivo mercado da constru\u00e7\u00e3o civil. Cada projeto conclu\u00eddo \u00e9 um testemunho do nosso compromisso com a qualidade e a satisfa\u00e7\u00e3o do cliente.<\/p><h4 style=\"text-align: left;\">Por Que Escolher a THP Engenharia?<\/h4><ul style=\"text-align: left;\"><li><strong>Transpar\u00eancia<\/strong>: Mantemos nossos clientes informados em todas as etapas do projeto, garantindo um processo claro e sem surpresas.<\/li><li><strong>Qualidade<\/strong>: Utilizamos materiais de alta qualidade e t\u00e9cnicas de constru\u00e7\u00e3o modernas para assegurar o melhor resultado poss\u00edvel.<\/li><li><strong>Agilidade<\/strong>: Nosso processo de trabalho \u00e9 \u00e1gil e eficiente, respeitando prazos e superando expectativas.<\/li><li><strong>Parcerias de Sucesso<\/strong>: Colaboramos estreitamente com arquitetos e designers para trazer suas vis\u00f5es \u00e0 vida.<\/li><\/ul><h4 style=\"text-align: left;\">Entre em Contato<\/h4><p style=\"text-align: left;\">Descubra como a THP Engenharia pode transformar sua vis\u00e3o em realidade. Entre em contato conosco atrav\u00e9s dos nossos canais de comunica\u00e7\u00e3o para conhecer nosso processo \u00e1gil, transparente e de qualidade na execu\u00e7\u00e3o de obras.<\/p><p style=\"text-align: left;\"><strong>THP Engenharia<\/strong> \u2013 Solu\u00e7\u00f5es de Alto Padr\u00e3o em Lares e Empreendimentos. Estamos prontos para fazer parte do seu pr\u00f3ximo projeto!<\/p>\t\t\t\t\t\t\t\t<\/div>\n\t\t\t\t<\/div>\n\t\t\t\t\t<\/div>\n\t\t<\/div>\n\t\t\t\t\t<\/div>\n\t\t<\/section>\n\t\t\t\t<section class=\"elementor-section elementor-top-section elementor-element elementor-element-3dfc679 elementor-section-boxed elementor-section-height-default elementor-section-height-default\" data-id=\"3dfc679\" data-element_type=\"section\" data-e-type=\"section\" data-settings=\"{&quot;background_background&quot;:&quot;classic&quot;}\">\n\t\t\t\t\t\t<div class=\"elementor-container elementor-column-gap-default\">\n\t\t\t\t\t<div class=\"elementor-column elementor-col-33 elementor-top-column elementor-element elementor-element-096e8a3\" data-id=\"096e8a3\" data-element_type=\"column\" data-e-type=\"column\">\n\t\t\t<div class=\"elementor-widget-wrap elementor-element-populated\">\n\t\t\t\t\t\t<div class=\"elementor-element elementor-element-5969c8d elementor-align-center elementor-mobile-align-center elementor-widget elementor-widget-button\" data-id=\"5969c8d\" data-element_type=\"widget\" data-e-type=\"widget\" data-widget_type=\"button.default\">\n\t\t\t\t<div class=\"elementor-widget-container\">\n\t\t\t\t\t\t\t\t\t<div class=\"elementor-button-wrapper\">\n\t\t\t\t\t<a class=\"elementor-button elementor-button-link elementor-size-sm\" href=\"https:\/\/api.whatsapp.com\/send?phone=5519991681353&#038;text=Ol%C3%A1!%20Quero%20solicitar%20um%20or%C3%A7amento%20para\">\n\t\t\t\t\t\t<span class=\"elementor-button-content-wrapper\">\n\t\t\t\t\t\t<span class=\"elementor-button-icon\">\n\t\t\t\t<i aria-hidden=\"true\" class=\"fab fa-whatsapp\"><\/i>\t\t\t<\/span>\n\t\t\t\t\t\t\t\t\t<span class=\"elementor-button-text\">pe\u00e7a um or\u00e7amento<\/span>\n\t\t\t\t\t<\/span>\n\t\t\t\t\t<\/a>\n\t\t\t\t<\/div>\n\t\t\t\t\t\t\t\t<\/div>\n\t\t\t\t<\/div>\n\t\t\t\t\t<\/div>\n\t\t<\/div>\n\t\t\t\t<div class=\"elementor-column elementor-col-33 elementor-top-column elementor-element elementor-element-1981ac9\" data-id=\"1981ac9\" data-element_type=\"column\" data-e-type=\"column\">\n\t\t\t<div class=\"elementor-widget-wrap elementor-element-populated\">\n\t\t\t\t\t\t<div class=\"elementor-element elementor-element-6ff9465 elementor-align-center elementor-mobile-align-center elementor-widget elementor-widget-button\" data-id=\"6ff9465\" data-element_type=\"widget\" data-e-type=\"widget\" data-widget_type=\"button.default\">\n\t\t\t\t<div class=\"elementor-widget-container\">\n\t\t\t\t\t\t\t\t\t<div class=\"elementor-button-wrapper\">\n\t\t\t\t\t<a class=\"elementor-button elementor-button-link elementor-size-sm\" href=\"mailto:contato@thpengenharia.com.br\">\n\t\t\t\t\t\t<span class=\"elementor-button-content-wrapper\">\n\t\t\t\t\t\t<span class=\"elementor-button-icon\">\n\t\t\t\t<i aria-hidden=\"true\" class=\"fas fa-envelope\"><\/i>\t\t\t<\/span>\n\t\t\t\t\t\t\t\t\t<span class=\"elementor-button-text\">contato@thpengenharia.com.br<\/span>\n\t\t\t\t\t<\/span>\n\t\t\t\t\t<\/a>\n\t\t\t\t<\/div>\n\t\t\t\t\t\t\t\t<\/div>\n\t\t\t\t<\/div>\n\t\t\t\t\t<\/div>\n\t\t<\/div>\n\t\t\t\t<div class=\"elementor-column elementor-col-33 elementor-top-column elementor-element elementor-element-b5ff878\" data-id=\"b5ff878\" data-element_type=\"column\" data-e-type=\"column\">\n\t\t\t<div class=\"elementor-widget-wrap elementor-element-populated\">\n\t\t\t\t\t\t<div class=\"elementor-element elementor-element-3dc4b5c elementor-align-center elementor-mobile-align-center elementor-widget elementor-widget-button\" data-id=\"3dc4b5c\" data-element_type=\"widget\" data-e-type=\"widget\" data-widget_type=\"button.default\">\n\t\t\t\t<div class=\"elementor-widget-container\">\n\t\t\t\t\t\t\t\t\t<div class=\"elementor-button-wrapper\">\n\t\t\t\t\t<a class=\"elementor-button elementor-button-link elementor-size-sm\" href=\"tel:19991681353\">\n\t\t\t\t\t\t<span class=\"elementor-button-content-wrapper\">\n\t\t\t\t\t\t\t\t\t<span class=\"elementor-button-text\">(19) 9 9168-1353<\/span>\n\t\t\t\t\t<\/span>\n\t\t\t\t\t<\/a>\n\t\t\t\t<\/div>\n\t\t\t\t\t\t\t\t<\/div>\n\t\t\t\t<\/div>\n\t\t\t\t\t<\/div>\n\t\t<\/div>\n\t\t\t\t\t<\/div>\n\t\t<\/section>\n\t\t\t\t<section class=\"elementor-section elementor-top-section elementor-element elementor-element-e45aa23 elementor-section-boxed elementor-section-height-default elementor-section-height-default\" data-id=\"e45aa23\" data-element_type=\"section\" data-e-type=\"section\" data-settings=\"{&quot;background_background&quot;:&quot;classic&quot;}\">\n\t\t\t\t\t\t<div class=\"elementor-container elementor-column-gap-default\">\n\t\t\t\t\t<div class=\"elementor-column elementor-col-100 elementor-top-column elementor-element elementor-element-c6b75a0\" data-id=\"c6b75a0\" data-element_type=\"column\" data-e-type=\"column\">\n\t\t\t<div class=\"elementor-widget-wrap elementor-element-populated\">\n\t\t\t\t\t\t<div class=\"elementor-element elementor-element-2aa9736 elementor-widget elementor-widget-spacer\" data-id=\"2aa9736\" data-element_type=\"widget\" data-e-type=\"widget\" data-widget_type=\"spacer.default\">\n\t\t\t\t<div class=\"elementor-widget-container\">\n\t\t\t\t\t\t\t<div class=\"elementor-spacer\">\n\t\t\t<div class=\"elementor-spacer-inner\"><\/div>\n\t\t<\/div>\n\t\t\t\t\t\t<\/div>\n\t\t\t\t<\/div>\n\t\t\t\t\t<\/div>\n\t\t<\/div>\n\t\t\t\t\t<\/div>\n\t\t<\/section>\n\t\t\t\t<section class=\"elementor-section elementor-top-section elementor-element elementor-element-768b50c elementor-section-full_width elementor-section-height-min-height elementor-section-content-middle elementor-section-height-default elementor-section-items-middle\" data-id=\"768b50c\" data-element_type=\"section\" data-e-type=\"section\" data-settings=\"{&quot;background_background&quot;:&quot;classic&quot;}\">\n\t\t\t\t\t\t<div class=\"elementor-container elementor-column-gap-default\">\n\t\t\t\t\t<div class=\"elementor-column elementor-col-100 elementor-top-column elementor-element elementor-element-3aa3bc5\" data-id=\"3aa3bc5\" data-element_type=\"column\" data-e-type=\"column\">\n\t\t\t<div class=\"elementor-widget-wrap elementor-element-populated\">\n\t\t\t\t\t\t<div class=\"elementor-element elementor-element-3c158ee elementor-align-center elementor-mobile-align-center elementor-widget elementor-widget-button\" data-id=\"3c158ee\" data-element_type=\"widget\" data-e-type=\"widget\" data-widget_type=\"button.default\">\n\t\t\t\t<div class=\"elementor-widget-container\">\n\t\t\t\t\t\t\t\t\t<div class=\"elementor-button-wrapper\">\n\t\t\t\t\t<a class=\"elementor-button elementor-button-link elementor-size-sm\" href=\"https:\/\/thpengenharia.com.br\/portfolio\/\">\n\t\t\t\t\t\t<span class=\"elementor-button-content-wrapper\">\n\t\t\t\t\t\t\t\t\t<span class=\"elementor-button-text\">ver portf\u00f3lio<\/span>\n\t\t\t\t\t<\/span>\n\t\t\t\t\t<\/a>\n\t\t\t\t<\/div>\n\t\t\t\t\t\t\t\t<\/div>\n\t\t\t\t<\/div>\n\t\t\t\t\t<\/div>\n\t\t<\/div>\n\t\t\t\t\t<\/div>\n\t\t<\/section>\n\t\t\t\t<section class=\"elementor-section elementor-top-section elementor-element elementor-element-83aa3d7 elementor-section-boxed elementor-section-height-default elementor-section-height-default\" data-id=\"83aa3d7\" data-element_type=\"section\" data-e-type=\"section\" data-settings=\"{&quot;background_background&quot;:&quot;classic&quot;}\">\n\t\t\t\t\t\t<div class=\"elementor-container elementor-column-gap-default\">\n\t\t\t\t\t<div class=\"elementor-column elementor-col-100 elementor-top-column elementor-element elementor-element-d33dc68\" data-id=\"d33dc68\" data-element_type=\"column\" data-e-type=\"column\">\n\t\t\t<div class=\"elementor-widget-wrap elementor-element-populated\">\n\t\t\t\t\t\t<div class=\"elementor-element elementor-element-dfad691 elementor-widget elementor-widget-spacer\" data-id=\"dfad691\" data-element_type=\"widget\" data-e-type=\"widget\" data-widget_type=\"spacer.default\">\n\t\t\t\t<div class=\"elementor-widget-container\">\n\t\t\t\t\t\t\t<div class=\"elementor-spacer\">\n\t\t\t<div class=\"elementor-spacer-inner\"><\/div>\n\t\t<\/div>\n\t\t\t\t\t\t<\/div>\n\t\t\t\t<\/div>\n\t\t\t\t\t<\/div>\n\t\t<\/div>\n\t\t\t\t\t<\/div>\n\t\t<\/section>\n\t\t\t\t<\/div>\n\t\t","protected":false},"excerpt":{"rendered":"<p>EVOLUINDO DEGRAU POR DEGRAU A THP Engenharia foi fundada em 2019 com a miss\u00e3o de proporcionar solu\u00e7\u00f5es de engenharia de alto padr\u00e3o para o segmento&hellip;<\/p>\n","protected":false},"author":2,"featured_media":0,"parent":0,"menu_order":0,"comment_status":"closed","ping_status":"open","template":"elementor_header_footer","meta":{"nf_dc_page":"","om_disable_all_campaigns":false,"footnotes":""},"class_list":["post-211","page","type-page","status-publish","hentry"],"yoast_head":"<!-- This site is optimized with the Yoast SEO plugin v27.3 - https:\/\/yoast.com\/product\/yoast-seo-wordpress\/ -->\n<title>Quem somos - THP Engenharia<\/title>\n<meta name=\"description\" content=\"Ol\u00e1, somos a THP - Engenharia, evoluindo degrau por degrau em solu\u00e7\u00f5es que superam as expectativas dos nossos clientes.\" \/>\n<meta name=\"robots\" content=\"index, follow, max-snippet:-1, max-image-preview:large, max-video-preview:-1\" \/>\n<link rel=\"canonical\" href=\"https:\/\/thpengenharia.com.br\/?page_id=211\" \/>\n<meta property=\"og:locale\" content=\"pt_BR\" \/>\n<meta property=\"og:type\" content=\"article\" \/>\n<meta property=\"og:title\" content=\"Quem somos - THP Engenharia\" \/>\n<meta property=\"og:description\" content=\"Ol\u00e1, somos a THP - Engenharia, evoluindo degrau por degrau em solu\u00e7\u00f5es que superam as expectativas dos nossos clientes.\" \/>\n<meta property=\"og:url\" content=\"https:\/\/thpengenharia.com.br\/?page_id=211\" \/>\n<meta property=\"og:site_name\" content=\"THP Engenharia\" \/>\n<meta property=\"article:modified_time\" content=\"2024-06-21T21:14:51+00:00\" \/>\n<meta name=\"twitter:card\" content=\"summary_large_image\" \/>\n<meta name=\"twitter:label1\" content=\"Est. tempo de leitura\" \/>\n\t<meta name=\"twitter:data1\" content=\"1 minuto\" \/>\n<script type=\"application\/ld+json\" class=\"yoast-schema-graph\">{\"@context\":\"https:\\\/\\\/schema.org\",\"@graph\":[{\"@type\":\"WebPage\",\"@id\":\"https:\\\/\\\/thpengenharia.com.br\\\/?page_id=211\",\"url\":\"https:\\\/\\\/thpengenharia.com.br\\\/?page_id=211\",\"name\":\"Quem somos - THP Engenharia\",\"isPartOf\":{\"@id\":\"https:\\\/\\\/thpengenharia.com.br\\\/#website\"},\"datePublished\":\"2021-12-13T21:02:52+00:00\",\"dateModified\":\"2024-06-21T21:14:51+00:00\",\"description\":\"Ol\u00e1, somos a THP - Engenharia, evoluindo degrau por degrau em solu\u00e7\u00f5es que superam as expectativas dos nossos clientes.\",\"breadcrumb\":{\"@id\":\"https:\\\/\\\/thpengenharia.com.br\\\/?page_id=211#breadcrumb\"},\"inLanguage\":\"pt-BR\",\"potentialAction\":[{\"@type\":\"ReadAction\",\"target\":[\"https:\\\/\\\/thpengenharia.com.br\\\/?page_id=211\"]}]},{\"@type\":\"BreadcrumbList\",\"@id\":\"https:\\\/\\\/thpengenharia.com.br\\\/?page_id=211#breadcrumb\",\"itemListElement\":[{\"@type\":\"ListItem\",\"position\":1,\"name\":\"In\u00edcio\",\"item\":\"https:\\\/\\\/thpengenharia.com.br\\\/\"},{\"@type\":\"ListItem\",\"position\":2,\"name\":\"Quem somos\"}]},{\"@type\":\"WebSite\",\"@id\":\"https:\\\/\\\/thpengenharia.com.br\\\/#website\",\"url\":\"https:\\\/\\\/thpengenharia.com.br\\\/\",\"name\":\"THP Engenharia\",\"description\":\"\",\"publisher\":{\"@id\":\"https:\\\/\\\/thpengenharia.com.br\\\/#organization\"},\"potentialAction\":[{\"@type\":\"SearchAction\",\"target\":{\"@type\":\"EntryPoint\",\"urlTemplate\":\"https:\\\/\\\/thpengenharia.com.br\\\/?s={search_term_string}\"},\"query-input\":{\"@type\":\"PropertyValueSpecification\",\"valueRequired\":true,\"valueName\":\"search_term_string\"}}],\"inLanguage\":\"pt-BR\"},{\"@type\":\"Organization\",\"@id\":\"https:\\\/\\\/thpengenharia.com.br\\\/#organization\",\"name\":\"THP Engenharia\",\"url\":\"https:\\\/\\\/thpengenharia.com.br\\\/\",\"logo\":{\"@type\":\"ImageObject\",\"inLanguage\":\"pt-BR\",\"@id\":\"https:\\\/\\\/thpengenharia.com.br\\\/#\\\/schema\\\/logo\\\/image\\\/\",\"url\":\"https:\\\/\\\/thpengenharia.com.br\\\/wp-content\\\/uploads\\\/2021\\\/10\\\/THP-logo.png\",\"contentUrl\":\"https:\\\/\\\/thpengenharia.com.br\\\/wp-content\\\/uploads\\\/2021\\\/10\\\/THP-logo.png\",\"width\":1575,\"height\":1575,\"caption\":\"THP Engenharia\"},\"image\":{\"@id\":\"https:\\\/\\\/thpengenharia.com.br\\\/#\\\/schema\\\/logo\\\/image\\\/\"},\"sameAs\":[\"https:\\\/\\\/www.instagram.com\\\/thp.engenharia\\\/\",\"https:\\\/\\\/www.linkedin.com\\\/company\\\/thp-engenharia\\\/\"]}]}<\/script>\n<!-- \/ Yoast SEO plugin. -->","yoast_head_json":{"title":"Quem somos - THP Engenharia","description":"Ol\u00e1, somos a THP - Engenharia, evoluindo degrau por degrau em solu\u00e7\u00f5es que superam as expectativas dos nossos clientes.","robots":{"index":"index","follow":"follow","max-snippet":"max-snippet:-1","max-image-preview":"max-image-preview:large","max-video-preview":"max-video-preview:-1"},"canonical":"https:\/\/thpengenharia.com.br\/?page_id=211","og_locale":"pt_BR","og_type":"article","og_title":"Quem somos - THP Engenharia","og_description":"Ol\u00e1, somos a THP - Engenharia, evoluindo degrau por degrau em solu\u00e7\u00f5es que superam as expectativas dos nossos clientes.","og_url":"https:\/\/thpengenharia.com.br\/?page_id=211","og_site_name":"THP Engenharia","article_modified_time":"2024-06-21T21:14:51+00:00","twitter_card":"summary_large_image","twitter_misc":{"Est. tempo de leitura":"1 minuto"},"schema":{"@context":"https:\/\/schema.org","@graph":[{"@type":"WebPage","@id":"https:\/\/thpengenharia.com.br\/?page_id=211","url":"https:\/\/thpengenharia.com.br\/?page_id=211","name":"Quem somos - THP Engenharia","isPartOf":{"@id":"https:\/\/thpengenharia.com.br\/#website"},"datePublished":"2021-12-13T21:02:52+00:00","dateModified":"2024-06-21T21:14:51+00:00","description":"Ol\u00e1, somos a THP - Engenharia, evoluindo degrau por degrau em solu\u00e7\u00f5es que superam as expectativas dos nossos clientes.","breadcrumb":{"@id":"https:\/\/thpengenharia.com.br\/?page_id=211#breadcrumb"},"inLanguage":"pt-BR","potentialAction":[{"@type":"ReadAction","target":["https:\/\/thpengenharia.com.br\/?page_id=211"]}]},{"@type":"BreadcrumbList","@id":"https:\/\/thpengenharia.com.br\/?page_id=211#breadcrumb","itemListElement":[{"@type":"ListItem","position":1,"name":"In\u00edcio","item":"https:\/\/thpengenharia.com.br\/"},{"@type":"ListItem","position":2,"name":"Quem somos"}]},{"@type":"WebSite","@id":"https:\/\/thpengenharia.com.br\/#website","url":"https:\/\/thpengenharia.com.br\/","name":"THP Engenharia","description":"","publisher":{"@id":"https:\/\/thpengenharia.com.br\/#organization"},"potentialAction":[{"@type":"SearchAction","target":{"@type":"EntryPoint","urlTemplate":"https:\/\/thpengenharia.com.br\/?s={search_term_string}"},"query-input":{"@type":"PropertyValueSpecification","valueRequired":true,"valueName":"search_term_string"}}],"inLanguage":"pt-BR"},{"@type":"Organization","@id":"https:\/\/thpengenharia.com.br\/#organization","name":"THP Engenharia","url":"https:\/\/thpengenharia.com.br\/","logo":{"@type":"ImageObject","inLanguage":"pt-BR","@id":"https:\/\/thpengenharia.com.br\/#\/schema\/logo\/image\/","url":"https:\/\/thpengenharia.com.br\/wp-content\/uploads\/2021\/10\/THP-logo.png","contentUrl":"https:\/\/thpengenharia.com.br\/wp-content\/uploads\/2021\/10\/THP-logo.png","width":1575,"height":1575,"caption":"THP Engenharia"},"image":{"@id":"https:\/\/thpengenharia.com.br\/#\/schema\/logo\/image\/"},"sameAs":["https:\/\/www.instagram.com\/thp.engenharia\/","https:\/\/www.linkedin.com\/company\/thp-engenharia\/"]}]}},"jetpack_sharing_enabled":true,"_links":{"self":[{"href":"https:\/\/thpengenharia.com.br\/index.php?rest_route=\/wp\/v2\/pages\/211","targetHints":{"allow":["GET"]}}],"collection":[{"href":"https:\/\/thpengenharia.com.br\/index.php?rest_route=\/wp\/v2\/pages"}],"about":[{"href":"https:\/\/thpengenharia.com.br\/index.php?rest_route=\/wp\/v2\/types\/page"}],"author":[{"embeddable":true,"href":"https:\/\/thpengenharia.com.br\/index.php?rest_route=\/wp\/v2\/users\/2"}],"replies":[{"embeddable":true,"href":"https:\/\/thpengenharia.com.br\/index.php?rest_route=%2Fwp%2Fv2%2Fcomments&post=211"}],"version-history":[{"count":5,"href":"https:\/\/thpengenharia.com.br\/index.php?rest_route=\/wp\/v2\/pages\/211\/revisions"}],"predecessor-version":[{"id":973,"href":"https:\/\/thpengenharia.com.br\/index.php?rest_route=\/wp\/v2\/pages\/211\/revisions\/973"}],"wp:attachment":[{"href":"https:\/\/thpengenharia.com.br\/index.php?rest_route=%2Fwp%2Fv2%2Fmedia&parent=211"}],"curies":[{"name":"wp","href":"https:\/\/api.w.org\/{rel}","templated":true}]}}